{"id":4798,"date":"2025-07-01T12:39:05","date_gmt":"2025-07-01T12:39:05","guid":{"rendered":"https:\/\/www.villamin.fr\/?page_id=4798"},"modified":"2025-07-01T12:45:59","modified_gmt":"2025-07-01T12:45:59","slug":"cgu","status":"publish","type":"page","link":"https:\/\/www.villamin.fr\/en\/cgu\/","title":{"rendered":"Terms and conditions of use"},"content":{"rendered":"\t\t<div data-elementor-type=\"wp-page\" data-elementor-id=\"4798\" class=\"elementor elementor-4798\">\n\t\t\t\t<div class=\"elementor-element elementor-element-51df6ca e-flex e-con-boxed e-con e-parent\" data-id=\"51df6ca\" data-element_type=\"container\" data-e-type=\"container\">\n\t\t\t\t\t<div class=\"e-con-inner\">\n\t\t\t\t<div class=\"elementor-element elementor-element-453eb7b elementor-widget elementor-widget-text-editor\" data-id=\"453eb7b\" data-element_type=\"widget\" data-e-type=\"widget\" data-widget_type=\"text-editor.default\">\n\t\t\t\t<div class=\"elementor-widget-container\">\n\t\t\t\t\t\t\t\t\t<h5><\/h5>\n<h3 class=\"wp-block-heading\">Conditions G\u00e9n\u00e9rales d\u2019Utilisation<\/h3>\n<h6><span style=\"text-decoration: underline;\">Article 1 \u2013 Objet<\/span><br \/><br \/>Les pr\u00e9sentes conditions r\u00e9gissent l\u2019utilisation du site www.villamin.fr par tout utilisateur. En acc\u00e9dant au site, vous acceptez sans r\u00e9serve les pr\u00e9sentes CGU.<\/h6>\n<h6><span style=\"text-decoration: underline;\">Article 2 \u2013 Acc\u00e8s au site<\/span><br \/><br \/>Le site est accessible gratuitement \u00e0 tout utilisateur disposant d\u2019un acc\u00e8s \u00e0 Internet. Tous les frais li\u00e9s \u00e0 l&rsquo;acc\u00e8s (mat\u00e9riel, logiciels, connexion) sont \u00e0 la charge de l\u2019utilisateur.<\/h6>\n<h6><span style=\"text-decoration: underline;\">Article 3 \u2013 Utilisation du site<\/span><br \/><br \/>L\u2019utilisateur s\u2019engage \u00e0 ne pas porter atteinte au bon fonctionnement du site, \u00e0 ne pas usurper l\u2019identit\u00e9 d\u2019autrui, ni perturber les services propos\u00e9s.<\/h6>\n<h6><span style=\"text-decoration: underline;\">Article 4 \u2013 Contenu<\/span><br \/><br \/>Le contenu du site est fourni \u00e0 titre indicatif. Malgr\u00e9 le soin apport\u00e9 \u00e0 sa mise \u00e0 jour, VILLA MIN ne garantit pas l\u2019exactitude des informations.<\/h6>\n<h6><span style=\"text-decoration: underline;\">Article 5 \u2013 Formulaires<\/span><br \/><br \/>Les formulaires de contact ou de r\u00e9servation doivent \u00eatre utilis\u00e9s de mani\u00e8re l\u00e9gitime. Toute tentative d\u2019abus ou de spam pourra donner lieu \u00e0 une restriction d\u2019acc\u00e8s.<\/h6>\n<h6><span style=\"text-decoration: underline;\">Article 6 \u2013 Donn\u00e9es personnelles<\/span><br \/><br \/>L\u2019utilisation du site implique l\u2019acceptation de notre politique de confidentialit\u00e9. <br \/>Voir : [<span style=\"text-decoration: underline;\"><a href=\"https:\/\/www.villamin.fr\/politique-de-confidentialite\/\">Politique de confidentialit\u00e9<\/a><\/span>]<\/h6>\n<h6><span style=\"text-decoration: underline;\">Article 7 \u2013 Cookies<\/span><br \/><br \/>Des cookies peuvent \u00eatre utilis\u00e9s \u00e0 des fins statistiques et d&rsquo;am\u00e9lioration de navigation. L\u2019utilisateur peut configurer son navigateur pour les accepter ou les refuser.<\/h6>\n<h6><span style=\"text-decoration: underline;\">Article 8 \u2013 Droit applicable<\/span><br \/><br \/>Le site et les pr\u00e9sentes CGU sont soumis au droit fran\u00e7ais. <br \/>En cas de litige, les tribunaux comp\u00e9tents sont ceux de Nanterre.<\/h6>\n<h6>Derni\u00e8re mise \u00e0 jour : **30 juin 2025**<\/h6>\t\t\t\t\t\t\t\t<\/div>\n\t\t\t\t<\/div>\n\t\t\t\t\t<\/div>\n\t\t\t\t<\/div>\n\t\t\t\t<\/div>\n\t\t","protected":false},"excerpt":{"rendered":"<p>Conditions G\u00e9n\u00e9rales d\u2019Utilisation Article 1 \u2013 Objet Les pr\u00e9sentes conditions r\u00e9gissent l\u2019utilisation du site www.villamin.fr par tout utilisateur. En acc\u00e9dant au site, vous acceptez sans r\u00e9serve les pr\u00e9sentes CGU. Article 2 \u2013 Acc\u00e8s au site Le site est accessible gratuitement \u00e0 tout utilisateur disposant d\u2019un acc\u00e8s \u00e0 Internet. Tous les frais li\u00e9s \u00e0 l&rsquo;acc\u00e8s (mat\u00e9riel, [&hellip;]<\/p>\n","protected":false},"author":1,"featured_media":0,"parent":0,"menu_order":0,"comment_status":"closed","ping_status":"closed","template":"","meta":{"footnotes":""},"class_list":["post-4798","page","type-page","status-publish","hentry"],"_links":{"self":[{"href":"https:\/\/www.villamin.fr\/en\/wp-json\/wp\/v2\/pages\/4798","targetHints":{"allow":["GET"]}}],"collection":[{"href":"https:\/\/www.villamin.fr\/en\/wp-json\/wp\/v2\/pages"}],"about":[{"href":"https:\/\/www.villamin.fr\/en\/wp-json\/wp\/v2\/types\/page"}],"author":[{"embeddable":true,"href":"https:\/\/www.villamin.fr\/en\/wp-json\/wp\/v2\/users\/1"}],"replies":[{"embeddable":true,"href":"https:\/\/www.villamin.fr\/en\/wp-json\/wp\/v2\/comments?post=4798"}],"version-history":[{"count":13,"href":"https:\/\/www.villamin.fr\/en\/wp-json\/wp\/v2\/pages\/4798\/revisions"}],"predecessor-version":[{"id":4812,"href":"https:\/\/www.villamin.fr\/en\/wp-json\/wp\/v2\/pages\/4798\/revisions\/4812"}],"wp:attachment":[{"href":"https:\/\/www.villamin.fr\/en\/wp-json\/wp\/v2\/media?parent=4798"}],"curies":[{"name":"wp","href":"https:\/\/api.w.org\/{rel}","templated":true}]}}