{"id":3,"date":"2025-06-30T18:07:27","date_gmt":"2025-06-30T18:07:27","guid":{"rendered":"https:\/\/www.villamin.fr\/?page_id=3"},"modified":"2025-06-30T21:56:10","modified_gmt":"2025-06-30T21:56:10","slug":"politique-de-confidentialite","status":"publish","type":"page","link":"https:\/\/www.villamin.fr\/en\/politique-de-confidentialite\/","title":{"rendered":"Privacy policy"},"content":{"rendered":"<div data-elementor-type=\"wp-page\" data-elementor-id=\"3\" class=\"elementor elementor-3\">\n\t\t\t\t<div class=\"elementor-element elementor-element-41286eb6 e-flex e-con-boxed e-con e-parent\" data-id=\"41286eb6\" data-element_type=\"container\" data-e-type=\"container\">\n\t\t\t\t\t<div class=\"e-con-inner\">\n\t\t\t\t<div class=\"elementor-element elementor-element-238e0614 elementor-widget elementor-widget-text-editor\" data-id=\"238e0614\" data-element_type=\"widget\" data-e-type=\"widget\" data-widget_type=\"text-editor.default\">\n\t\t\t\t<div class=\"elementor-widget-container\">\n\t\t\t\t\t\t\t\t\t<h5><\/h5>\n<h3 class=\"wp-block-heading\">Privacy policy<\/h3>\n<h6><span style=\"text-decoration: underline;\">1. Introduction<\/span><br \/><br \/>This privacy policy describes the practices of **VILLA MIN**, a limited liability company with a single shareholder (SARL), registered with the Nanterre Trade and Companies Register under number **812 673 168**, whose registered office is located at **29 Avenue Marceau, 92400 Courbevoie**, concerning the collection and use of personal data via the **www.villamin.fr** website.<\/h6>\n<h6><span style=\"text-decoration: underline;\">2. Collected data<\/span><br \/><br \/>The personal data likely to be collected on the site are : <br \/>- First and last name <br \/>- E-mail address <br \/>- Phone number <br \/>- Booking information (date, time, message)<\/h6>\n<h6>This data is collected via the contact and reservation forms.<\/h6>\n<h6><span style=\"text-decoration: underline;\">3. Purpose of processing<\/span><br \/><br \/>The data is used solely for : <br \/>- Responding to user requests <br \/>- Manage reservations <br \/>- Customer service <br \/>No data is passed on to third parties without your consent.<\/h6>\n<h6><span style=\"text-decoration: underline;\">4. Cookies<\/span><br \/><br \/>The site uses cookies to : <br \/>- Good technical operation <br \/>- Audience measurement (Google Analytics) <br \/>- Improving the user experience <br \/>You can manage your preferences via the banner displayed on your first visit.<\/h6>\n<h6><span style=\"text-decoration: underline;\">5. Legal basis and retention period<\/span><br \/><br \/>Data is processed on the basis of the user's explicit consent. <br \/>They are kept for a maximum period of **12 months**, unless otherwise required by law.<\/h6>\n<h6><span style=\"text-decoration: underline;\">6. Data security<\/span><br \/><br \/>Data is hosted on secure servers managed by our web hosting provider **o2switch**, based in France. <br \/>Every precaution is taken to prevent unauthorized access or distribution.<\/h6>\n<h6><span style=\"text-decoration: underline;\">7. Your rights<\/span><br \/><br \/>In accordance with the General Data Protection Regulation (GDPR), you have the following rights: <br \/>- Right of access <br \/>- Right of rectification <br \/>- Right to erasure <br \/>- Right to object <br \/>- Right to portability<\/h6>\n<h6>You can exercise these rights by contacting us at the following address: **contact@villamin.fr**<\/h6>\n<h6><span style=\"text-decoration: underline;\">8. Data controller<\/span><br \/><br \/>**ZHONG Zaimin <br \/>Manager of the company **VILLA MIN**. <br \/>29 Avenue Marceau, 92400 Courbevoie <br \/>Email : <span style=\"text-decoration: underline;\"><a href=\"https:\/\/www.villamin.fr\/en\/contact\/\">**contact<\/a><\/span><\/h6>\n<h6><span style=\"text-decoration: underline;\">9. Update<br \/><\/span> <br \/>This policy may be modified at any time for legal or technical reasons. <br \/>Last update : **June 30, 2025**<\/h6>\t\t\t\t\t\t\t\t<\/div>\n\t\t\t\t<\/div>\n\t\t\t\t\t<\/div>\n\t\t\t\t<\/div>\n\t\t\t\t<\/div>","protected":false},"excerpt":{"rendered":"<p>Politique de confidentialit\u00e9 1. Introduction La pr\u00e9sente politique de confidentialit\u00e9 d\u00e9crit les pratiques de **VILLA MIN**, soci\u00e9t\u00e9 \u00e0 responsabilit\u00e9 limit\u00e9e \u00e0 associ\u00e9 unique (SARL), immatricul\u00e9e au RCS de Nanterre sous le num\u00e9ro **812 673 168**, dont le si\u00e8ge est situ\u00e9 au **29 Avenue Marceau, 92400 Courbevoie**, concernant la collecte et l&rsquo;utilisation des donn\u00e9es personnelles via [&hellip;]<\/p>\n","protected":false},"author":1,"featured_media":0,"parent":0,"menu_order":0,"comment_status":"closed","ping_status":"closed","template":"","meta":{"footnotes":""},"class_list":["post-3","page","type-page","status-publish","hentry"],"_links":{"self":[{"href":"https:\/\/www.villamin.fr\/en\/wp-json\/wp\/v2\/pages\/3","targetHints":{"allow":["GET"]}}],"collection":[{"href":"https:\/\/www.villamin.fr\/en\/wp-json\/wp\/v2\/pages"}],"about":[{"href":"https:\/\/www.villamin.fr\/en\/wp-json\/wp\/v2\/types\/page"}],"author":[{"embeddable":true,"href":"https:\/\/www.villamin.fr\/en\/wp-json\/wp\/v2\/users\/1"}],"replies":[{"embeddable":true,"href":"https:\/\/www.villamin.fr\/en\/wp-json\/wp\/v2\/comments?post=3"}],"version-history":[{"count":10,"href":"https:\/\/www.villamin.fr\/en\/wp-json\/wp\/v2\/pages\/3\/revisions"}],"predecessor-version":[{"id":4784,"href":"https:\/\/www.villamin.fr\/en\/wp-json\/wp\/v2\/pages\/3\/revisions\/4784"}],"wp:attachment":[{"href":"https:\/\/www.villamin.fr\/en\/wp-json\/wp\/v2\/media?parent=3"}],"curies":[{"name":"wp","href":"https:\/\/api.w.org\/{rel}","templated":true}]}}